{"id":131,"date":"2013-07-06T12:57:06","date_gmt":"2013-07-06T04:57:06","guid":{"rendered":"http:\/\/powerleistung.com\/?page_id=131"},"modified":"2013-10-17T18:38:25","modified_gmt":"2013-10-17T10:38:25","slug":"carrier","status":"publish","type":"page","link":"http:\/\/powerleistung.com\/?page_id=131","title":{"rendered":"Career"},"content":{"rendered":"<h1><img loading=\"lazy\" class=\"alignnone size-full wp-image-218\" alt=\"1\" src=\"http:\/\/powerleistung.com\/wp-content\/uploads\/2013\/07\/1.jpg\" width=\"915\" height=\"325\" srcset=\"http:\/\/powerleistung.com\/wp-content\/uploads\/2013\/07\/1.jpg 915w, http:\/\/powerleistung.com\/wp-content\/uploads\/2013\/07\/1-300x106.jpg 300w\" sizes=\"(max-width: 915px) 100vw, 915px\" \/><\/h1>\n<p>Whether you apply for an open position or send an unsolicited application, we are happy you are interested.<\/p>\n<p>Please send us your application at your earliest convenience and we will get back to you as soon as possible.<br \/>\nIf you apply for a position from us, the application should be composed in English and Chinese language.<\/p>\n<p>Please send your application to following E-mail address: \u00a0<span style=\"color: #3366ff;\">hr@powerleistung.com<\/span><\/p>\n<h2><span style=\"color: #999999;\">Legal Advice<\/span><\/h2>\n<p>By sending your application to Power Leitstung Limited \u00a0you agree that your personal information may be stored electronically for Power Leistung internal use. Your data will be treated confidentially.<\/p>\n","protected":false},"excerpt":{"rendered":"<p>Power Leistung Limited Grease Nipple Fitting Hose Couplings Accessories Casting Products Schmiernippel Schlauchkupplungen Gu\u00dfst\u00fccke HV550 RW 83 15 N geh\u00e4rtet case hardened <\/p>\n","protected":false},"author":1,"featured_media":0,"parent":0,"menu_order":5,"comment_status":"closed","ping_status":"open","template":"template-fullwidth.php","meta":[],"_links":{"self":[{"href":"http:\/\/powerleistung.com\/index.php?rest_route=\/wp\/v2\/pages\/131"}],"collection":[{"href":"http:\/\/powerleistung.com\/index.php?rest_route=\/wp\/v2\/pages"}],"about":[{"href":"http:\/\/powerleistung.com\/index.php?rest_route=\/wp\/v2\/types\/page"}],"author":[{"embeddable":true,"href":"http:\/\/powerleistung.com\/index.php?rest_route=\/wp\/v2\/users\/1"}],"replies":[{"embeddable":true,"href":"http:\/\/powerleistung.com\/index.php?rest_route=%2Fwp%2Fv2%2Fcomments&post=131"}],"version-history":[{"count":0,"href":"http:\/\/powerleistung.com\/index.php?rest_route=\/wp\/v2\/pages\/131\/revisions"}],"wp:attachment":[{"href":"http:\/\/powerleistung.com\/index.php?rest_route=%2Fwp%2Fv2%2Fmedia&parent=131"}],"curies":[{"name":"wp","href":"https:\/\/api.w.org\/{rel}","templated":true}]}}