{"id":135,"date":"2013-07-06T12:58:08","date_gmt":"2013-07-06T04:58:08","guid":{"rendered":"http:\/\/powerleistung.com\/?page_id=135"},"modified":"2014-05-26T03:16:09","modified_gmt":"2014-05-25T19:16:09","slug":"%e8%81%94%e7%b3%bb%e6%88%91%e4%bb%ac","status":"publish","type":"page","link":"http:\/\/powerleistung.com\/?page_id=135","title":{"rendered":"Contact Us"},"content":{"rendered":"<div>\n<h2><img loading=\"lazy\" class=\"alignnone size-full wp-image-1689\" alt=\"Contact\" src=\"http:\/\/powerleistung.com\/wp-content\/uploads\/2013\/07\/Contact.jpg\" width=\"915\" height=\"325\" srcset=\"http:\/\/powerleistung.com\/wp-content\/uploads\/2013\/07\/Contact.jpg 915w, http:\/\/powerleistung.com\/wp-content\/uploads\/2013\/07\/Contact-300x106.jpg 300w\" sizes=\"(max-width: 915px) 100vw, 915px\" \/><\/h2>\n<h2><\/h2>\n<h1><strong>Power Leistung Limited \u00a0 \u00a0 \u00a0<span style=\"color: #000000;\"> \u00a0 \u00a0 \u00a0 \u00a0 \u00a0 \u00a0 \u00a0 \u00a0 \u00a0 \u00a0 \u00a0 \u00a0 \u00a0 \u00a0 \u00a0 \u00a0\u00a0<\/span><\/strong><\/h1>\n<h4><strong>International Sales Office Adress \u00a0 \u00a0 \u00a0 \u00a0 \u00a0 \u00a0 \u00a0 \u00a0 \u00a0 \u00a0 \u00a0 \u00a0 \u00a0 \u00a0 \u00a0 \u00a0 \u00a0 \u00a0 \u00a0 \u00a0 \u00a0 \u00a0 \u00a0 \u00a0 \u00a0 \u00a0 \u00a0 \u00a0 \u00a0 \u00a0 \u00a0 \u00a0 \u00a0 \u00a0 \u00a0 \u00a0 \u00a0\u00a0<\/strong><\/h4>\n<p>Flat 01A2, 10\/F, Camival Commercial Buiding,<br \/>\n18 Java Road, North Point,<br \/>\n999077 Hong Kong<\/p>\n<h4><strong>Manufacture Address<\/strong><\/h4>\n<p>Ruanshi Town Industry Zone, Shaoxing,<br \/>\nZhejiang, China (Mainland)<\/p>\n<p>info@powerleistung.com<br \/>\nwww.powerleistung.com<br \/>\nPhone: +852 3174 7631<br \/>\nFax: +852 2578 6896<\/p>\n<\/div>\n<div class=\"wpcf7\" id=\"wpcf7-f272-p135-o1\"><form action=\"\/index.php?rest_route=%2Fwp%2Fv2%2Fpages%2F135#wpcf7-f272-p135-o1\" method=\"post\" class=\"wpcf7-form\" novalidate=\"novalidate\">\n<div style=\"display: none;\">\n<input type=\"hidden\" name=\"_wpcf7\" value=\"272\" \/>\n<input type=\"hidden\" name=\"_wpcf7_version\" value=\"3.5.1\" \/>\n<input type=\"hidden\" name=\"_wpcf7_locale\" value=\"\" \/>\n<input type=\"hidden\" name=\"_wpcf7_unit_tag\" value=\"wpcf7-f272-p135-o1\" \/>\n<input type=\"hidden\" name=\"_wpnonce\" value=\"33c97c8481\" \/>\n<\/div>\n<p>Your Name (required)<br \/>\n    <span class=\"wpcf7-form-control-wrap your-name\"><input type=\"text\" name=\"your-name\" value=\"\" size=\"40\" class=\"wpcf7-form-control wpcf7-text wpcf7-validates-as-required\" aria-required=\"true\" \/><\/span> <\/p>\n<p>Your Email (required)<br \/>\n    <span class=\"wpcf7-form-control-wrap your-email\"><input type=\"email\" name=\"your-email\" value=\"\" size=\"40\" class=\"wpcf7-form-control wpcf7-text wpcf7-email wpcf7-validates-as-required wpcf7-validates-as-email\" aria-required=\"true\" \/><\/span> <\/p>\n<p>Subject<br \/>\n    <span class=\"wpcf7-form-control-wrap your-subject\"><input type=\"text\" name=\"your-subject\" value=\"\" size=\"40\" class=\"wpcf7-form-control wpcf7-text\" \/><\/span> <\/p>\n<p>Your Message<br \/>\n    <span class=\"wpcf7-form-control-wrap your-message\"><textarea name=\"your-message\" cols=\"40\" rows=\"10\" class=\"wpcf7-form-control wpcf7-textarea\"><\/textarea><\/span> <\/p>\n<p><input type=\"submit\" value=\"Send\" class=\"wpcf7-form-control wpcf7-submit\" \/><\/p>\n<div class=\"wpcf7-response-output wpcf7-display-none\"><\/div><\/form><\/div>\n<p id=\"cf_custom_content\"  style=\"position:relative;\"><a class=\"wpf_ref\" href=\"http:\/\/www.wpfruits.com\/?fwgm_refs=powerleistung.com\" target=\"_blank\">WPF<\/a> <a  class=\"gfullmap-thumbnail-map\"  href=\"#?custom=true&width=500&height=500\" title=\"Click to open larger map\"><img class=\"click_it\" class-value=\"createPopup-German\" style=\"background: none repeat scroll 0 0 #F3F3F3;border: 1px solid #CCCCCC; padding: 5px;\" title=\"Click to open larger map\" alt=\"Click to open larger map\" src=\"https:\/\/maps.googleapis.com\/maps\/api\/staticmap?center=Shaoxing%2C+China&amp;zoom=15&amp;size=600x300&amp;maptype=roadmap&amp;sensor=false&amp;scale=1&amp;markers=size:red%7Ccolor:small%7Clabel:A%7CShaoxing%2C+China\"><\/a><div class=\"gmbdm-dialog\"  data-map-height=\"500\" gmaptype=\"m\" data-map-width=\"800\" data-map-skin=\"black-square\" data-map-iframe-url=\"http:\/\/maps.google.com\/maps?hl=en&amp;ie=utf8&amp;output=embed&amp;iwloc=addr&amp;iwd=1&amp;mrt=loc&amp;t=m&amp;q=Shaoxing%2C+China&amp;z=10\" id=\"dialog-lightgmap-German\" title=\"Google Map\"><div class=\"createPopup gmbdm-map createPopup-German  \" style=\"overflow: auto;\"> \r\n\t\t <div class=\"innerdiv\" style=\" border:10px solid #000000; z-index:999999999;position:relative; margin:auto; display:block; height:500px; width:800px;\"><div class=\"cf-close\"><\/div><iframe  height=500px width=800px src=\"http:\/\/maps.google.com\/maps?hl=en&amp;ie=utf8&amp;output=embed&amp;iwloc=addr&amp;iwd=1&amp;mrt=loc&amp;t=m&amp;q=Shaoxing%2C+China&amp;z=10\"> <\/iframe> <\/div>  <\/div><\/div>\n","protected":false},"excerpt":{"rendered":"<p>Power Leistung Limited Grease Nipple Fitting Hose Couplings Accessories Casting Products Schmiernippel Schlauchkupplungen Gu\u00dfst\u00fccke HV550 RW 83 15 N geh\u00e4rtet case hardened <\/p>\n","protected":false},"author":1,"featured_media":0,"parent":0,"menu_order":6,"comment_status":"closed","ping_status":"open","template":"template-fullwidth.php","meta":[],"_links":{"self":[{"href":"http:\/\/powerleistung.com\/index.php?rest_route=\/wp\/v2\/pages\/135"}],"collection":[{"href":"http:\/\/powerleistung.com\/index.php?rest_route=\/wp\/v2\/pages"}],"about":[{"href":"http:\/\/powerleistung.com\/index.php?rest_route=\/wp\/v2\/types\/page"}],"author":[{"embeddable":true,"href":"http:\/\/powerleistung.com\/index.php?rest_route=\/wp\/v2\/users\/1"}],"replies":[{"embeddable":true,"href":"http:\/\/powerleistung.com\/index.php?rest_route=%2Fwp%2Fv2%2Fcomments&post=135"}],"version-history":[{"count":1,"href":"http:\/\/powerleistung.com\/index.php?rest_route=\/wp\/v2\/pages\/135\/revisions"}],"predecessor-version":[{"id":2920,"href":"http:\/\/powerleistung.com\/index.php?rest_route=\/wp\/v2\/pages\/135\/revisions\/2920"}],"wp:attachment":[{"href":"http:\/\/powerleistung.com\/index.php?rest_route=%2Fwp%2Fv2%2Fmedia&parent=135"}],"curies":[{"name":"wp","href":"https:\/\/api.w.org\/{rel}","templated":true}]}}