{"id":31,"date":"2013-07-06T12:40:41","date_gmt":"2013-07-06T04:40:41","guid":{"rendered":"http:\/\/powerleistung.com\/?page_id=31"},"modified":"2013-10-17T18:33:22","modified_gmt":"2013-10-17T10:33:22","slug":"%e4%ba%a7%e5%93%81%e4%b8%ad%e5%bf%83","status":"publish","type":"page","link":"http:\/\/powerleistung.com\/?page_id=31","title":{"rendered":"Products"},"content":{"rendered":"","protected":false},"excerpt":{"rendered":"<p>Power Leistung Limited Grease Nipple Fitting Hose Couplings Accessories Casting Products Schmiernippel Schlauchkupplungen Gu\u00dfst\u00fccke HV550 RW 83 15 N geh\u00e4rtet case hardened <\/p>\n","protected":false},"author":1,"featured_media":0,"parent":0,"menu_order":3,"comment_status":"closed","ping_status":"open","template":"template-snippets.php","meta":[],"_links":{"self":[{"href":"http:\/\/powerleistung.com\/index.php?rest_route=\/wp\/v2\/pages\/31"}],"collection":[{"href":"http:\/\/powerleistung.com\/index.php?rest_route=\/wp\/v2\/pages"}],"about":[{"href":"http:\/\/powerleistung.com\/index.php?rest_route=\/wp\/v2\/types\/page"}],"author":[{"embeddable":true,"href":"http:\/\/powerleistung.com\/index.php?rest_route=\/wp\/v2\/users\/1"}],"replies":[{"embeddable":true,"href":"http:\/\/powerleistung.com\/index.php?rest_route=%2Fwp%2Fv2%2Fcomments&post=31"}],"version-history":[{"count":0,"href":"http:\/\/powerleistung.com\/index.php?rest_route=\/wp\/v2\/pages\/31\/revisions"}],"wp:attachment":[{"href":"http:\/\/powerleistung.com\/index.php?rest_route=%2Fwp%2Fv2%2Fmedia&parent=31"}],"curies":[{"name":"wp","href":"https:\/\/api.w.org\/{rel}","templated":true}]}}