{"id":21,"date":"2013-07-05T14:22:32","date_gmt":"2013-07-05T06:22:32","guid":{"rendered":"http:\/\/powerleistung.com\/?page_id=21"},"modified":"2013-10-17T18:32:57","modified_gmt":"2013-10-17T10:32:57","slug":"home","status":"publish","type":"page","link":"https:\/\/powerleistung.com\/","title":{"rendered":"Home"},"content":{"rendered":"","protected":false},"excerpt":{"rendered":"<p>Power Leistung Limited Grease Nipple Fitting Hose Couplings Accessories Casting Products Schmiernippel Schlauchkupplungen Gu\u00dfst\u00fccke HV550 RW 83 15 N geh\u00e4rtet case hardened <\/p>\n","protected":false},"author":1,"featured_media":0,"parent":0,"menu_order":1,"comment_status":"closed","ping_status":"open","template":"template-home.php","meta":[],"_links":{"self":[{"href":"https:\/\/powerleistung.com\/index.php?rest_route=\/wp\/v2\/pages\/21"}],"collection":[{"href":"https:\/\/powerleistung.com\/index.php?rest_route=\/wp\/v2\/pages"}],"about":[{"href":"https:\/\/powerleistung.com\/index.php?rest_route=\/wp\/v2\/types\/page"}],"author":[{"embeddable":true,"href":"https:\/\/powerleistung.com\/index.php?rest_route=\/wp\/v2\/users\/1"}],"replies":[{"embeddable":true,"href":"https:\/\/powerleistung.com\/index.php?rest_route=%2Fwp%2Fv2%2Fcomments&post=21"}],"version-history":[{"count":0,"href":"https:\/\/powerleistung.com\/index.php?rest_route=\/wp\/v2\/pages\/21\/revisions"}],"wp:attachment":[{"href":"https:\/\/powerleistung.com\/index.php?rest_route=%2Fwp%2Fv2%2Fmedia&parent=21"}],"curies":[{"name":"wp","href":"https:\/\/api.w.org\/{rel}","templated":true}]}}